{"id":3476,"date":"2024-06-24T10:19:17","date_gmt":"2024-06-24T08:19:17","guid":{"rendered":"https:\/\/services-idg.com\/rechtliche-informationen\/"},"modified":"2024-08-14T18:28:29","modified_gmt":"2024-08-14T16:28:29","slug":"rechtliche-informationen","status":"publish","type":"page","link":"https:\/\/services-idg.com\/de\/rechtliche-informationen\/","title":{"rendered":"Rechtliche Informationen"},"content":{"rendered":"\t\t<div data-elementor-type=\"wp-page\" data-elementor-id=\"3476\" class=\"elementor elementor-3476 elementor-2980\" data-elementor-post-type=\"page\">\n\t\t\t\t<div class=\"elementor-element elementor-element-01d8ad9 e-flex e-con-boxed e-con e-parent\" data-id=\"01d8ad9\" data-element_type=\"container\" data-settings=\"{&quot;jet_parallax_layout_list&quot;:[]}\">\n\t\t\t\t\t<div class=\"e-con-inner\">\n\t\t<div class=\"elementor-element elementor-element-0c0258d e-flex e-con-boxed e-con e-child\" data-id=\"0c0258d\" data-element_type=\"container\" data-settings=\"{&quot;jet_parallax_layout_list&quot;:[]}\">\n\t\t\t\t\t<div class=\"e-con-inner\">\n\t\t\t\t<div class=\"elementor-element elementor-element-e37612b elementor-widget elementor-widget-text-editor\" data-id=\"e37612b\" data-element_type=\"widget\" data-widget_type=\"text-editor.default\">\n\t\t\t\t<div class=\"elementor-widget-container\">\n\t\t\t\t\t\t\t\t\t<h1>Rechtliche Hinweise<\/h1>\n<h3>1. Vorstellung der Website.<\/h3>\n<p>Gem\u00e4\u00df Artikel 6 des Gesetzes Nr. 2004-575 vom 21. Juni 2004 \u00fcber das Vertrauen in die digitale Wirtschaft wird den Nutzern der Website www.services-idg.com die Identit\u00e4t der verschiedenen Akteure im Rahmen der Realisierung und \u00dcberwachung der Website mitgeteilt:<\/p>\n<p><strong>Diese Website wird von der Firma INTERVENTION DEPANNAGE GRUES<\/strong>, SASU, mit Sitz in 22 B R DES GRANDS MEURGERS 78730 SAINT-ARNOULT-EN-YVELINES <strong>herausgegeben<\/strong>.<br \/>\n&#8211; SIRET: 92171933200014 &#8211; Handelsregister: Versailles B 921 719 332 <\/p>\n<p><strong>Website-Ersteller und Suchmaschinenoptimierung<\/strong>: <a href=\"https:\/\/www.hello-digital.fr\/\" target=\"_blank\" rel=\"noopener\">Hello Digital<\/a><\/p>\n<p><strong>Verantwortlich f\u00fcr die Ver\u00f6ffentlichung<\/strong>: Jorge NETO MARTINS &#8211; Gesch\u00e4ftsf\u00fchrer <strong>der<\/strong> Gesellschaft INTERVENTION DEPANNAGE GRUES &#8211; Tel.: 06.42.21.59.24.<\/p>\n<p><strong>Webmaster<\/strong>: A. FRANCOIS &#8211; contact@hello-digital.fr<\/p>\n<p><strong>Hosting-Anbieter<\/strong>: Hostinger International LTD, eingetragener Sitz: 61 Lordou Vironos Street, 6023 Larnaca, Zypern, erreichbar \u00fcber<strong>https:\/\/www.hostinger.fr\/contact<\/strong>.<\/p>\n<h3> <\/h3>\n<h3>2. Allgemeine Bedingungen f\u00fcr die Nutzung der Website und der angebotenen Dienstleistungen.<\/h3>\n<p>Die Nutzung der Website www.services-idg.com setzt die vollst\u00e4ndige und uneingeschr\u00e4nkte Annahme der nachstehend beschriebenen allgemeinen Nutzungsbedingungen voraus.<br \/>\nDiese Nutzungsbedingungen k\u00f6nnen jederzeit ge\u00e4ndert oder erg\u00e4nzt werden. Die Nutzer von www.services-idg.com werden daher gebeten, sie regelm\u00e4\u00dfig zu konsultieren. <\/p>\n<p>Diese Website ist normalerweise jederzeit f\u00fcr die Nutzer zug\u00e4nglich.<br \/>\nEine Unterbrechung aufgrund technischer Wartungsarbeiten kann jedoch von www.services-idg.com beschlossen werden, die sich bem\u00fchen wird, die Nutzer vorab \u00fcber die Daten und Zeiten des Eingriffs zu informieren. <\/p>\n<p>Die Website www.services-idg.com wird regelm\u00e4\u00dfig von INTERVENTION DEPANNAGE GRUES aktualisiert.<br \/>\nEbenso k\u00f6nnen die rechtlichen Hinweise jederzeit ge\u00e4ndert werden: sie sind jedoch f\u00fcr den Nutzer verbindlich, der aufgefordert wird, sie so oft wie m\u00f6glich zu lesen, um sie zur Kenntnis zu nehmen. <\/p>\n<\/p>\n<h3>3. Beschreibung der erbrachten Dienstleistungen.<\/h3>\n<p>Die Website www.services-idg.com dient der Bereitstellung von Informationen \u00fcber die Aktivit\u00e4ten des Unternehmens.<\/p>\n<p>INTERVENTION DEPANNAGE GRUES bem\u00fcht sich, auf der Website www.services-idg.com so genaue Informationen wie m\u00f6glich zur Verf\u00fcgung zu stellen.<br \/>\nSie kann jedoch nicht f\u00fcr Auslassungen, Ungenauigkeiten und M\u00e4ngel in der Aktualisierung haftbar gemacht werden, die durch sie selbst oder durch dritte Partner, die diese Informationen zur Verf\u00fcgung stellen, verursacht werden. <\/p>\n<p>Alle Informationen auf der Website www.services-idg.com sind unverbindlich und k\u00f6nnen sich \u00e4ndern.<br \/>\nDie Informationen auf der Website www.services-idg.com sind nicht ersch\u00f6pfend.<br \/>\nSie werden vorbehaltlich der seit ihrer Ver\u00f6ffentlichung vorgenommenen \u00c4nderungen bereitgestellt.  <\/p>\n<\/p>\n<h3>4. Vertragliche Beschr\u00e4nkungen der technischen Daten.<\/h3>\n<p>Die Website verwendet die JavaScript-Technologie.<\/p>\n<p>Die Website haftet nicht f\u00fcr materielle Sch\u00e4den, die mit der Nutzung der Website verbunden sind.<br \/>\nDar\u00fcber hinaus verpflichtet sich der Nutzer der Website, die Website mit neuer Hardware, die keine Viren enth\u00e4lt, und mit einem Browser der neuesten Generation aufzurufen. <\/p>\n<\/p>\n<h3>5. Geistiges Eigentum und F\u00e4lschungen.<\/h3>\n<p>INTERVENTION DEPANNAGE GRUES ist Eigent\u00fcmer der geistigen Eigentumsrechte oder besitzt die Nutzungsrechte f\u00fcr alle auf der Website zug\u00e4nglichen Elemente, insbesondere Texte, Bilder, Grafiken, Logos, Icons, Sounds, Software.<\/p>\n<p>Die Vervielf\u00e4ltigung, Darstellung, \u00c4nderung, Ver\u00f6ffentlichung und Anpassung aller oder eines Teils der Elemente der Website, unabh\u00e4ngig von den verwendeten Mitteln oder Verfahren, ist untersagt, es sei denn, es liegt eine vorherige schriftliche Genehmigung von INTERVENTION DEPANNAGE GRUES vor.<\/p>\n<p>Jede nicht genehmigte Nutzung der Website oder eines ihrer Elemente wird als F\u00e4lschung angesehen und gem\u00e4\u00df den Bestimmungen der Artikel L.335-2 ff. des Gesetzes \u00fcber geistiges Eigentum verfolgt.<\/p>\n<\/p>\n<h3>6. Haftungsbeschr\u00e4nkungen.<\/h3>\n<p>INTERVENTION DEPANNAGE GRUES haftet nicht f\u00fcr direkte und indirekte Sch\u00e4den an der Ausr\u00fcstung des Nutzers beim Zugriff auf die Website www.services-idg.com, die entweder durch die Nutzung einer Ausr\u00fcstung, die nicht den in Punkt 4 angegebenen Spezifikationen entspricht, oder durch das Auftreten eines Bugs oder einer Inkompatibilit\u00e4t verursacht werden.<\/p>\n<p>INTERVENTION DEPANNAGE GRUES haftet nicht f\u00fcr indirekte Sch\u00e4den (wie z.B. Marktverlust oder Verlust einer Chance), die aus der Nutzung der Website www.services-idg.com resultieren.<\/p>\n<p>Interaktive Bereiche (M\u00f6glichkeit, Fragen im Kontaktbereich zu stellen) stehen den Nutzern zur Verf\u00fcgung.<br \/>\nINTERVENTION DEPANNAGE GRUES beh\u00e4lt sich das Recht vor, ohne vorherige Ank\u00fcndigung jeden Inhalt in diesem Bereich zu l\u00f6schen, der gegen die in Frankreich geltenden Gesetze und insbesondere gegen die Datenschutzbestimmungen verst\u00f6\u00dft.<br \/>\nGegebenenfalls beh\u00e4lt sich INTERVENTION DEPANNAGE GRUES auch die M\u00f6glichkeit vor, den Nutzer zivil- und\/oder strafrechtlich haftbar zu machen, insbesondere bei rassistischen, beleidigenden, diffamierenden oder pornografischen Mitteilungen, unabh\u00e4ngig vom verwendeten Medium (Text, Foto&#8230;).  <\/p>\n<\/p>\n<h3>7. Anwendbares Recht und Gerichtsbarkeit.<\/h3>\n<p>Alle Streitigkeiten im Zusammenhang mit der Nutzung der Website www.services-idg.com unterliegen dem franz\u00f6sischen Recht.<br \/>\nDie ausschlie\u00dfliche Zust\u00e4ndigkeit liegt bei den zust\u00e4ndigen Gerichten in Evry. <\/p>\n<\/p>\n<h3>8. Die wichtigsten betroffenen Gesetze.<\/h3>\n<p>Gesetz Nr. 78-87 vom 6. Januar 1978, insbesondere ge\u00e4ndert durch das Gesetz Nr. 2004-801 vom 6. August 2004 \u00fcber Informatik, Dateien und Freiheiten.<\/p>\n<p>Gesetz Nr. 2004-575 vom 21. Juni 2004 \u00fcber das Vertrauen in die digitale Wirtschaft.<\/p>\n<\/p>\n<h3>9. Lexikon.<\/h3>\n<p>Benutzer: Internetnutzer, der sich einloggt und die oben genannte Website nutzt.<\/p>\n<p>Pers\u00f6nliche Informationen: &#8222;Informationen, die in jedweder Form, direkt oder indirekt, die Identifizierung der nat\u00fcrlichen Personen erm\u00f6glichen, auf die sie sich beziehen&#8220; (Artikel 4 des Gesetzes Nr. 78-17 vom 6. Januar 1978).<\/p>\n\t\t\t\t\t\t\t\t<\/div>\n\t\t\t\t<\/div>\n\t\t\t\t\t<\/div>\n\t\t\t\t<\/div>\n\t\t\t\t\t<\/div>\n\t\t\t\t<\/div>\n\t\t\t\t<\/div>\n\t\t","protected":false},"excerpt":{"rendered":"<p>Rechtliche Hinweise 1. Vorstellung der Website. Gem\u00e4\u00df Artikel 6 des Gesetzes Nr. 2004-575 vom 21. Juni 2004 \u00fcber das Vertrauen in die digitale Wirtschaft wird den Nutzern der Website www.services-idg.com die Identit\u00e4t der verschiedenen Akteure im Rahmen der Realisierung und \u00dcberwachung der Website mitgeteilt: Diese Website wird von der Firma INTERVENTION DEPANNAGE GRUES, SASU, mit [&hellip;]<\/p>\n","protected":false},"author":1,"featured_media":0,"parent":0,"menu_order":0,"comment_status":"closed","ping_status":"closed","template":"","meta":{"site-sidebar-layout":"no-sidebar","site-content-layout":"page-builder","ast-site-content-layout":"full-width-container","site-content-style":"default","site-sidebar-style":"default","ast-global-header-display":"","ast-banner-title-visibility":"","ast-main-header-display":"","ast-hfb-above-header-display":"","ast-hfb-below-header-display":"","ast-hfb-mobile-header-display":"","site-post-title":"disabled","ast-breadcrumbs-content":"","ast-featured-img":"disabled","footer-sml-layout":"","theme-transparent-header-meta":"","adv-header-id-meta":"","stick-header-meta":"","header-above-stick-meta":"","header-main-stick-meta":"","header-below-stick-meta":"","astra-migrate-meta-layouts":"default","ast-page-background-enabled":"default","ast-page-background-meta":{"desktop":{"background-color":"var(--ast-global-color-4)","background-image":"","background-repeat":"repeat","background-position":"center center","background-size":"auto","background-attachment":"scroll","background-type":"","background-media":"","overlay-type":"","overlay-color":"","overlay-opacity":"","overlay-gradient":""},"tablet":{"background-color":"","background-image":"","background-repeat":"repeat","background-position":"center center","background-size":"auto","background-attachment":"scroll","background-type":"","background-media":"","overlay-type":"","overlay-color":"","overlay-opacity":"","overlay-gradient":""},"mobile":{"background-color":"","background-image":"","background-repeat":"repeat","background-position":"center center","background-size":"auto","background-attachment":"scroll","background-type":"","background-media":"","overlay-type":"","overlay-color":"","overlay-opacity":"","overlay-gradient":""}},"ast-content-background-meta":{"desktop":{"background-color":"var(--ast-global-color-5)","background-image":"","background-repeat":"repeat","background-position":"center center","background-size":"auto","background-attachment":"scroll","background-type":"","background-media":"","overlay-type":"","overlay-color":"","overlay-opacity":"","overlay-gradient":""},"tablet":{"background-color":"var(--ast-global-color-5)","background-image":"","background-repeat":"repeat","background-position":"center center","background-size":"auto","background-attachment":"scroll","background-type":"","background-media":"","overlay-type":"","overlay-color":"","overlay-opacity":"","overlay-gradient":""},"mobile":{"background-color":"var(--ast-global-color-5)","background-image":"","background-repeat":"repeat","background-position":"center center","background-size":"auto","background-attachment":"scroll","background-type":"","background-media":"","overlay-type":"","overlay-color":"","overlay-opacity":"","overlay-gradient":""}},"footnotes":""},"class_list":["post-3476","page","type-page","status-publish","hentry"],"yoast_head":"<!-- This site is optimized with the Yoast SEO plugin v25.8 - https:\/\/yoast.com\/wordpress\/plugins\/seo\/ -->\n<title>Rechtliche Informationen - IDG<\/title>\n<meta name=\"description\" content=\"Hier finden Sie die rechtlichen Informationen der Website services-idg.com.\" \/>\n<meta name=\"robots\" content=\"index, follow, max-snippet:-1, max-image-preview:large, max-video-preview:-1\" \/>\n<link rel=\"canonical\" href=\"https:\/\/services-idg.com\/de\/rechtliche-informationen\/\" \/>\n<meta property=\"og:locale\" content=\"de_DE\" \/>\n<meta property=\"og:type\" content=\"article\" \/>\n<meta property=\"og:title\" content=\"Rechtliche Informationen - IDG\" \/>\n<meta property=\"og:description\" content=\"Hier finden Sie die rechtlichen Informationen der Website services-idg.com.\" \/>\n<meta property=\"og:url\" content=\"https:\/\/services-idg.com\/de\/rechtliche-informationen\/\" \/>\n<meta property=\"og:site_name\" content=\"IDG\" \/>\n<meta property=\"article:modified_time\" content=\"2024-08-14T16:28:29+00:00\" \/>\n<meta property=\"og:image\" content=\"https:\/\/services-idg.com\/wp-content\/uploads\/2024\/05\/logo-IDG.jpg\" \/>\n\t<meta property=\"og:image:width\" content=\"640\" \/>\n\t<meta property=\"og:image:height\" content=\"496\" \/>\n\t<meta property=\"og:image:type\" content=\"image\/jpeg\" \/>\n<meta name=\"twitter:card\" content=\"summary_large_image\" \/>\n<meta name=\"twitter:label1\" content=\"Gesch\u00e4tzte Lesezeit\" \/>\n\t<meta name=\"twitter:data1\" content=\"4\u00a0Minuten\" \/>\n<script type=\"application\/ld+json\" class=\"yoast-schema-graph\">{\"@context\":\"https:\/\/schema.org\",\"@graph\":[{\"@type\":\"WebPage\",\"@id\":\"https:\/\/services-idg.com\/de\/rechtliche-informationen\/\",\"url\":\"https:\/\/services-idg.com\/de\/rechtliche-informationen\/\",\"name\":\"Rechtliche Informationen - IDG\",\"isPartOf\":{\"@id\":\"https:\/\/services-idg.com\/de\/#website\"},\"datePublished\":\"2024-06-24T08:19:17+00:00\",\"dateModified\":\"2024-08-14T16:28:29+00:00\",\"description\":\"Hier finden Sie die rechtlichen Informationen der Website services-idg.com.\",\"breadcrumb\":{\"@id\":\"https:\/\/services-idg.com\/de\/rechtliche-informationen\/#breadcrumb\"},\"inLanguage\":\"de\",\"potentialAction\":[{\"@type\":\"ReadAction\",\"target\":[\"https:\/\/services-idg.com\/de\/rechtliche-informationen\/\"]}]},{\"@type\":\"BreadcrumbList\",\"@id\":\"https:\/\/services-idg.com\/de\/rechtliche-informationen\/#breadcrumb\",\"itemListElement\":[{\"@type\":\"ListItem\",\"position\":1,\"name\":\"Accueil\",\"item\":\"https:\/\/services-idg.com\/de\/startseite\/\"},{\"@type\":\"ListItem\",\"position\":2,\"name\":\"Rechtliche Informationen\"}]},{\"@type\":\"WebSite\",\"@id\":\"https:\/\/services-idg.com\/de\/#website\",\"url\":\"https:\/\/services-idg.com\/de\/\",\"name\":\"IDG\",\"description\":\"L&#039;entretien et la r\u00e9paration de vos grues\",\"publisher\":{\"@id\":\"https:\/\/services-idg.com\/de\/#organization\"},\"potentialAction\":[{\"@type\":\"SearchAction\",\"target\":{\"@type\":\"EntryPoint\",\"urlTemplate\":\"https:\/\/services-idg.com\/de\/?s={search_term_string}\"},\"query-input\":{\"@type\":\"PropertyValueSpecification\",\"valueRequired\":true,\"valueName\":\"search_term_string\"}}],\"inLanguage\":\"de\"},{\"@type\":\"Organization\",\"@id\":\"https:\/\/services-idg.com\/de\/#organization\",\"name\":\"IDG\",\"url\":\"https:\/\/services-idg.com\/de\/\",\"logo\":{\"@type\":\"ImageObject\",\"inLanguage\":\"de\",\"@id\":\"https:\/\/services-idg.com\/de\/#\/schema\/logo\/image\/\",\"url\":\"https:\/\/services-idg.com\/wp-content\/uploads\/2024\/05\/logo-IDG.jpg\",\"contentUrl\":\"https:\/\/services-idg.com\/wp-content\/uploads\/2024\/05\/logo-IDG.jpg\",\"width\":640,\"height\":496,\"caption\":\"IDG\"},\"image\":{\"@id\":\"https:\/\/services-idg.com\/de\/#\/schema\/logo\/image\/\"},\"sameAs\":[\"https:\/\/www.linkedin.com\/in\/jorge-martins-396500177\/\"]}]}<\/script>\n<!-- \/ Yoast SEO plugin. -->","yoast_head_json":{"title":"Rechtliche Informationen - IDG","description":"Hier finden Sie die rechtlichen Informationen der Website services-idg.com.","robots":{"index":"index","follow":"follow","max-snippet":"max-snippet:-1","max-image-preview":"max-image-preview:large","max-video-preview":"max-video-preview:-1"},"canonical":"https:\/\/services-idg.com\/de\/rechtliche-informationen\/","og_locale":"de_DE","og_type":"article","og_title":"Rechtliche Informationen - IDG","og_description":"Hier finden Sie die rechtlichen Informationen der Website services-idg.com.","og_url":"https:\/\/services-idg.com\/de\/rechtliche-informationen\/","og_site_name":"IDG","article_modified_time":"2024-08-14T16:28:29+00:00","og_image":[{"width":640,"height":496,"url":"https:\/\/services-idg.com\/wp-content\/uploads\/2024\/05\/logo-IDG.jpg","type":"image\/jpeg"}],"twitter_card":"summary_large_image","twitter_misc":{"Gesch\u00e4tzte Lesezeit":"4\u00a0Minuten"},"schema":{"@context":"https:\/\/schema.org","@graph":[{"@type":"WebPage","@id":"https:\/\/services-idg.com\/de\/rechtliche-informationen\/","url":"https:\/\/services-idg.com\/de\/rechtliche-informationen\/","name":"Rechtliche Informationen - IDG","isPartOf":{"@id":"https:\/\/services-idg.com\/de\/#website"},"datePublished":"2024-06-24T08:19:17+00:00","dateModified":"2024-08-14T16:28:29+00:00","description":"Hier finden Sie die rechtlichen Informationen der Website services-idg.com.","breadcrumb":{"@id":"https:\/\/services-idg.com\/de\/rechtliche-informationen\/#breadcrumb"},"inLanguage":"de","potentialAction":[{"@type":"ReadAction","target":["https:\/\/services-idg.com\/de\/rechtliche-informationen\/"]}]},{"@type":"BreadcrumbList","@id":"https:\/\/services-idg.com\/de\/rechtliche-informationen\/#breadcrumb","itemListElement":[{"@type":"ListItem","position":1,"name":"Accueil","item":"https:\/\/services-idg.com\/de\/startseite\/"},{"@type":"ListItem","position":2,"name":"Rechtliche Informationen"}]},{"@type":"WebSite","@id":"https:\/\/services-idg.com\/de\/#website","url":"https:\/\/services-idg.com\/de\/","name":"IDG","description":"L&#039;entretien et la r\u00e9paration de vos grues","publisher":{"@id":"https:\/\/services-idg.com\/de\/#organization"},"potentialAction":[{"@type":"SearchAction","target":{"@type":"EntryPoint","urlTemplate":"https:\/\/services-idg.com\/de\/?s={search_term_string}"},"query-input":{"@type":"PropertyValueSpecification","valueRequired":true,"valueName":"search_term_string"}}],"inLanguage":"de"},{"@type":"Organization","@id":"https:\/\/services-idg.com\/de\/#organization","name":"IDG","url":"https:\/\/services-idg.com\/de\/","logo":{"@type":"ImageObject","inLanguage":"de","@id":"https:\/\/services-idg.com\/de\/#\/schema\/logo\/image\/","url":"https:\/\/services-idg.com\/wp-content\/uploads\/2024\/05\/logo-IDG.jpg","contentUrl":"https:\/\/services-idg.com\/wp-content\/uploads\/2024\/05\/logo-IDG.jpg","width":640,"height":496,"caption":"IDG"},"image":{"@id":"https:\/\/services-idg.com\/de\/#\/schema\/logo\/image\/"},"sameAs":["https:\/\/www.linkedin.com\/in\/jorge-martins-396500177\/"]}]}},"_links":{"self":[{"href":"https:\/\/services-idg.com\/de\/wp-json\/wp\/v2\/pages\/3476","targetHints":{"allow":["GET"]}}],"collection":[{"href":"https:\/\/services-idg.com\/de\/wp-json\/wp\/v2\/pages"}],"about":[{"href":"https:\/\/services-idg.com\/de\/wp-json\/wp\/v2\/types\/page"}],"author":[{"embeddable":true,"href":"https:\/\/services-idg.com\/de\/wp-json\/wp\/v2\/users\/1"}],"replies":[{"embeddable":true,"href":"https:\/\/services-idg.com\/de\/wp-json\/wp\/v2\/comments?post=3476"}],"version-history":[{"count":2,"href":"https:\/\/services-idg.com\/de\/wp-json\/wp\/v2\/pages\/3476\/revisions"}],"predecessor-version":[{"id":3478,"href":"https:\/\/services-idg.com\/de\/wp-json\/wp\/v2\/pages\/3476\/revisions\/3478"}],"wp:attachment":[{"href":"https:\/\/services-idg.com\/de\/wp-json\/wp\/v2\/media?parent=3476"}],"curies":[{"name":"wp","href":"https:\/\/api.w.org\/{rel}","templated":true}]}}