{"id":3473,"date":"2024-06-24T10:39:04","date_gmt":"2024-06-24T08:39:04","guid":{"rendered":"https:\/\/services-idg.com\/datenschutzrichtlinie\/"},"modified":"2024-08-14T18:28:28","modified_gmt":"2024-08-14T16:28:28","slug":"datenschutzrichtlinie","status":"publish","type":"page","link":"https:\/\/services-idg.com\/de\/datenschutzrichtlinie\/","title":{"rendered":"Datenschutzrichtlinie"},"content":{"rendered":"\t\t<div data-elementor-type=\"wp-page\" data-elementor-id=\"3473\" class=\"elementor elementor-3473 elementor-3004\" data-elementor-post-type=\"page\">\n\t\t\t\t<div class=\"elementor-element elementor-element-01d8ad9 e-flex e-con-boxed e-con e-parent\" data-id=\"01d8ad9\" data-element_type=\"container\" data-settings=\"{&quot;jet_parallax_layout_list&quot;:[]}\">\n\t\t\t\t\t<div class=\"e-con-inner\">\n\t\t<div class=\"elementor-element elementor-element-0c0258d e-flex e-con-boxed e-con e-child\" data-id=\"0c0258d\" data-element_type=\"container\" data-settings=\"{&quot;jet_parallax_layout_list&quot;:[]}\">\n\t\t\t\t\t<div class=\"e-con-inner\">\n\t\t\t\t<div class=\"elementor-element elementor-element-e37612b elementor-widget elementor-widget-text-editor\" data-id=\"e37612b\" data-element_type=\"widget\" data-widget_type=\"text-editor.default\">\n\t\t\t\t<div class=\"elementor-widget-container\">\n\t\t\t\t\t\t\t\t\t<h1>Datenschutzrichtlinie<\/h1>\n<h2>1. Einf\u00fchrung<\/h2>\n<p>Willkommen auf der Website <strong>services-idg.com<\/strong> (die &#8222;Website&#8220;), die von INTERVENTION DEPANNAGE GRUES (&#8222;wir&#8220;, &#8222;uns&#8220; oder &#8222;unser&#8220;) betrieben wird.\nWir verpflichten uns, Ihre Privatsph\u00e4re zu sch\u00fctzen und zu respektieren.\nDiese Datenschutzrichtlinie erl\u00e4utert, wie wir Ihre pers\u00f6nlichen Informationen sammeln, verwenden und sch\u00fctzen.  <\/p>\n<h2><br><\/h2>\n<h2>2. Informationen, die wir sammeln<\/h2>\n<p>Wir k\u00f6nnen die folgenden Informationen \u00fcber Sie sammeln und verarbeiten:<\/p>\n<ul>\n<li><strong>Identifizierungsinformationen<\/strong>: Name, E-Mail-Adresse, Telefonnummer.<\/li>\n<li><strong>Navigationsdaten<\/strong>: IP-Adresse, Browsertyp, besuchte Seiten.<\/li>\n<li><strong>Transaktionsinformationen<\/strong>: Details der gekauften Dienstleistungen, Transaktionshistorie.<\/li>\n<\/ul>\n<h2><br><\/h2>\n<h2>3. Nutzung der Informationen<\/h2>\n<p>Wir verwenden Ihre Informationen, um :<\/p>\n<ul>\n<li>Bereitstellung und Verbesserung unserer Dienstleistungen.<\/li>\n<li>Verwaltung Ihres Kontos und Ihrer Anfragen<\/li>\n<li>Um mit Ihnen \u00fcber unsere Dienstleistungen und Werbeaktionen zu kommunizieren.<\/li>\n<li>Einhaltung unserer gesetzlichen und regulatorischen Verpflichtungen<\/li>\n<\/ul>\n<h2>4. Weitergabe von Informationen<\/h2>\n<p>Wir k\u00f6nnen Ihre Informationen in den folgenden F\u00e4llen an Dritte weitergeben:<\/p>\n<ul>\n<li>Dienstleister, die uns bei unserem Betrieb unterst\u00fctzen (Hosting, Wartung usw.).<\/li>\n<li>Gesetzliche Beh\u00f6rden, wenn dies gesetzlich vorgeschrieben ist.<\/li>\n<li>Im Zusammenhang mit einer Fusion, Akquisition oder dem Verkauf von Verm\u00f6genswerten.<\/li>\n<\/ul>\n<h2>5. Schutz von Informationen<\/h2>\n<p>Wir setzen angemessene technische und organisatorische Sicherheitsma\u00dfnahmen ein, um Ihre Daten vor unbefugtem Zugriff, Offenlegung, \u00c4nderung oder Vernichtung zu sch\u00fctzen.<\/p>\n<h2><br><\/h2><h2>6. Ihre Rechte<\/h2>\n<p>In \u00dcbereinstimmung mit den geltenden Rechtsvorschriften haben Sie das Recht, :<\/p>\n<ul>\n<li>Zugriff auf Ihre pers\u00f6nlichen Informationen.<\/li>\n<li>die Korrektur Ihrer Angaben beantragen.<\/li>\n<li>Die L\u00f6schung Ihrer Informationen beantragen.<\/li>\n<li>Sie k\u00f6nnen sich der Verarbeitung Ihrer Daten widersetzen.<\/li>\n<li>Die \u00dcbertragbarkeit Ihrer Daten beantragen.<\/li>\n<\/ul>\n<p>Um diese Rechte auszu\u00fcben, kontaktieren Sie uns bitte unter folgender Adresse: <a href=\"mailto:jorge.grue@gmail.com\">jorge.grue@gmail.com.<\/a><\/p>\n<h2><br><\/h2><h2>7. Cookies<\/h2>\n<p>Unsere Website verwendet Cookies, um Ihre Benutzererfahrung zu verbessern.<\/p>\n<p><\/p>\n<h3><br><\/h3><h3>Was ist ein Cookie?<\/h3>\n<p>Cookies sind kleine Textdateien, die auf Ihrem Ger\u00e4t platziert werden, wenn Sie eine Website besuchen.\nSie werden h\u00e4ufig verwendet, um Websites zu betreiben, die Benutzererfahrung zu verbessern und den Eigent\u00fcmern der Website Informationen zu liefern. <\/p>\n<h2><span style=\"font-style: inherit; text-align: var(--text-align);\">&nbsp;<\/span><\/h2>\n<h3><span style=\"font-style: inherit; text-align: var(--text-align);\">Art der verwendeten Cookies<\/span><\/h3>\n<p>Wir verwenden verschiedene Arten von Cookies auf unserer Website:<\/p>\n<ul>\n<li><strong>Essentielle Cookies<\/strong>: Diese Cookies sind f\u00fcr das ordnungsgem\u00e4\u00dfe Funktionieren der Website erforderlich und k\u00f6nnen in unseren Systemen nicht deaktiviert werden.\nSie werden in der Regel als Reaktion auf Aktionen gesetzt, die Sie durchf\u00fchren, wie z.B. das Festlegen Ihrer Datenschutzeinstellungen, das Anmelden oder das Ausf\u00fcllen von Formularen. <\/li>\n<li><strong>Leistungs-Cookies<\/strong>: Diese Cookies erm\u00f6glichen es uns, die Besuche und die Quellen des Datenverkehrs zu z\u00e4hlen, um die Leistung unserer Website zu messen und zu verbessern.\nSie helfen uns dabei, herauszufinden, welche Seiten am beliebtesten und welche am unbeliebtesten sind und wie die Besucher auf der Website navigieren. <\/li>\n<li><strong>Funktions-Cookies<\/strong>: Diese Cookies erm\u00f6glichen es der Seite, eine verbesserte Funktionalit\u00e4t und Personalisierung zu bieten.\nSie k\u00f6nnen von uns oder von Drittanbietern, deren Dienste wir unseren Seiten hinzugef\u00fcgt haben, gesetzt werden. <\/li>\n<li><strong>Targeting-Cookies<\/strong>: Diese Cookies k\u00f6nnen auf unserer Seite von unseren Werbepartnern gesetzt werden.\nSie k\u00f6nnen von diesen Unternehmen verwendet werden, um ein Profil Ihrer Interessen zu erstellen und Ihnen relevante Werbung auf anderen Websites zu zeigen. <\/li>\n<\/ul>\n<h3>Verwaltung von Cookies<\/h3>\n<p>Sie k\u00f6nnen Ihren Browser so einstellen, dass er diese Cookies blockiert oder \u00fcber sie informiert, aber einige Teile der Website k\u00f6nnten ohne sie nicht richtig funktionieren.\nHier erfahren Sie, wie Sie die Cookies in den g\u00e4ngigsten Browsern verwalten k\u00f6nnen: <\/p>\n<ul>\n<li><strong>Google Chrome<\/strong>: <a href=\"https:\/\/support.google.com\/chrome\/answer\/95647?hl=fr\" target=\"_blank\" rel=\"noopener\">Cookies in Chrome verwalten<\/a><\/li>\n<li><strong>Mozilla Firefox<\/strong>: <a href=\"https:\/\/support.mozilla.org\/fr\/kb\/activer-desactiver-cookies\" target=\"_blank\" rel=\"noopener\">Cookies in Firefox verwalten<\/a><\/li>\n<li><strong>Safari<\/strong>: <a href=\"https:\/\/support.apple.com\/fr-fr\/guide\/safari\/sfri11471\/mac\" target=\"_blank\" rel=\"noopener\">Verwalten von Cookies in Safari<\/a><\/li>\n<li><strong>Microsoft Edge<\/strong>: <a href=\"https:\/\/support.microsoft.com\/fr-fr\/microsoft-edge\/supprimer-et-g%C3%A9rer-les-cookies-168dab11-0753-043d-7c16-ede5947fc64d\" target=\"_blank\" rel=\"noopener\">Cookies in Edge verwalten<\/a><\/li>\n<\/ul>\n<h3>\u00c4nderungen der Cookie-Richtlinie<\/h3>\n<p>Wir k\u00f6nnen diese Cookie-Richtlinie von Zeit zu Zeit aktualisieren.\nWir werden Sie \u00fcber jede \u00c4nderung informieren, indem wir die neue Richtlinie auf dieser Seite ver\u00f6ffentlichen.\nWir empfehlen Ihnen, diese Seite regelm\u00e4\u00dfig zu besuchen, um sich \u00fcber eventuelle \u00c4nderungen zu informieren.  <\/p>\n<h3>&nbsp;<\/h3>\n<h3>Kontakt<\/h3>\n<p>Wenn Sie Fragen zu unserer Verwendung von Cookies haben, kontaktieren Sie uns bitte unter: <a href=\"mailto:jorge.grue@gmail.com\">jorge.grue@gmail.com.<\/a><\/p>\n<p><\/p>\n<h2><br><\/h2><h2>8. \u00c4nderungen der Datenschutzpolitik<\/h2>\n<p>Wir k\u00f6nnen diese Datenschutzrichtlinie von Zeit zu Zeit aktualisieren.\nWir werden Sie \u00fcber jede \u00c4nderung informieren, indem wir die neue Richtlinie auf dieser Seite ver\u00f6ffentlichen.\nWir empfehlen Ihnen, diese Seite regelm\u00e4\u00dfig zu besuchen, um sich \u00fcber eventuelle \u00c4nderungen zu informieren.  <\/p>\n<h2><br><\/h2><h2>9. Kontakt<\/h2>\n<p>Wenn Sie Fragen zu dieser Datenschutzrichtlinie haben, kontaktieren Sie uns bitte unter: <a href=\"mailto:jorge.grue@gmail.com\">jorge.grue@gmail.com<\/a><\/p>\n<p>Letzte Aktualisierung: [24. Juni ,2024].<\/p>\t\t\t\t\t\t\t\t<\/div>\n\t\t\t\t<\/div>\n\t\t\t\t\t<\/div>\n\t\t\t\t<\/div>\n\t\t\t\t\t<\/div>\n\t\t\t\t<\/div>\n\t\t\t\t<\/div>\n\t\t","protected":false},"excerpt":{"rendered":"<p>Datenschutzrichtlinie 1. Einf\u00fchrung Willkommen auf der Website services-idg.com (die &#8222;Website&#8220;), die von INTERVENTION DEPANNAGE GRUES (&#8222;wir&#8220;, &#8222;uns&#8220; oder &#8222;unser&#8220;) betrieben wird. Wir verpflichten uns, Ihre Privatsph\u00e4re zu sch\u00fctzen und zu respektieren. Diese Datenschutzrichtlinie erl\u00e4utert, wie wir Ihre pers\u00f6nlichen Informationen sammeln, verwenden und sch\u00fctzen. 2. Informationen, die wir sammeln Wir k\u00f6nnen die folgenden Informationen \u00fcber Sie [&hellip;]<\/p>\n","protected":false},"author":1,"featured_media":0,"parent":0,"menu_order":0,"comment_status":"closed","ping_status":"closed","template":"","meta":{"site-sidebar-layout":"no-sidebar","site-content-layout":"page-builder","ast-site-content-layout":"full-width-container","site-content-style":"default","site-sidebar-style":"default","ast-global-header-display":"","ast-banner-title-visibility":"","ast-main-header-display":"","ast-hfb-above-header-display":"","ast-hfb-below-header-display":"","ast-hfb-mobile-header-display":"","site-post-title":"disabled","ast-breadcrumbs-content":"","ast-featured-img":"disabled","footer-sml-layout":"","theme-transparent-header-meta":"","adv-header-id-meta":"","stick-header-meta":"","header-above-stick-meta":"","header-main-stick-meta":"","header-below-stick-meta":"","astra-migrate-meta-layouts":"default","ast-page-background-enabled":"default","ast-page-background-meta":{"desktop":{"background-color":"var(--ast-global-color-4)","background-image":"","background-repeat":"repeat","background-position":"center center","background-size":"auto","background-attachment":"scroll","background-type":"","background-media":"","overlay-type":"","overlay-color":"","overlay-opacity":"","overlay-gradient":""},"tablet":{"background-color":"","background-image":"","background-repeat":"repeat","background-position":"center center","background-size":"auto","background-attachment":"scroll","background-type":"","background-media":"","overlay-type":"","overlay-color":"","overlay-opacity":"","overlay-gradient":""},"mobile":{"background-color":"","background-image":"","background-repeat":"repeat","background-position":"center center","background-size":"auto","background-attachment":"scroll","background-type":"","background-media":"","overlay-type":"","overlay-color":"","overlay-opacity":"","overlay-gradient":""}},"ast-content-background-meta":{"desktop":{"background-color":"var(--ast-global-color-5)","background-image":"","background-repeat":"repeat","background-position":"center center","background-size":"auto","background-attachment":"scroll","background-type":"","background-media":"","overlay-type":"","overlay-color":"","overlay-opacity":"","overlay-gradient":""},"tablet":{"background-color":"var(--ast-global-color-5)","background-image":"","background-repeat":"repeat","background-position":"center center","background-size":"auto","background-attachment":"scroll","background-type":"","background-media":"","overlay-type":"","overlay-color":"","overlay-opacity":"","overlay-gradient":""},"mobile":{"background-color":"var(--ast-global-color-5)","background-image":"","background-repeat":"repeat","background-position":"center center","background-size":"auto","background-attachment":"scroll","background-type":"","background-media":"","overlay-type":"","overlay-color":"","overlay-opacity":"","overlay-gradient":""}},"footnotes":""},"class_list":["post-3473","page","type-page","status-publish","hentry"],"yoast_head":"<!-- This site is optimized with the Yoast SEO plugin v25.8 - https:\/\/yoast.com\/wordpress\/plugins\/seo\/ -->\n<title>Datenschutzrichtlinie - IDG<\/title>\n<meta name=\"description\" content=\"Hier finden Sie die rechtlichen Informationen der Website services-idg.com.\" \/>\n<meta name=\"robots\" content=\"index, follow, max-snippet:-1, max-image-preview:large, max-video-preview:-1\" \/>\n<link rel=\"canonical\" href=\"https:\/\/services-idg.com\/de\/datenschutzrichtlinie\/\" \/>\n<meta property=\"og:locale\" content=\"de_DE\" \/>\n<meta property=\"og:type\" content=\"article\" \/>\n<meta property=\"og:title\" content=\"Datenschutzrichtlinie - IDG\" \/>\n<meta property=\"og:description\" content=\"Hier finden Sie die rechtlichen Informationen der Website services-idg.com.\" \/>\n<meta property=\"og:url\" content=\"https:\/\/services-idg.com\/de\/datenschutzrichtlinie\/\" \/>\n<meta property=\"og:site_name\" content=\"IDG\" \/>\n<meta property=\"article:modified_time\" content=\"2024-08-14T16:28:28+00:00\" \/>\n<meta property=\"og:image\" content=\"https:\/\/services-idg.com\/wp-content\/uploads\/2024\/05\/logo-IDG.jpg\" \/>\n\t<meta property=\"og:image:width\" content=\"640\" \/>\n\t<meta property=\"og:image:height\" content=\"496\" \/>\n\t<meta property=\"og:image:type\" content=\"image\/jpeg\" \/>\n<meta name=\"twitter:card\" content=\"summary_large_image\" \/>\n<meta name=\"twitter:label1\" content=\"Gesch\u00e4tzte Lesezeit\" \/>\n\t<meta name=\"twitter:data1\" content=\"3\u00a0Minuten\" \/>\n<script type=\"application\/ld+json\" class=\"yoast-schema-graph\">{\"@context\":\"https:\/\/schema.org\",\"@graph\":[{\"@type\":\"WebPage\",\"@id\":\"https:\/\/services-idg.com\/de\/datenschutzrichtlinie\/\",\"url\":\"https:\/\/services-idg.com\/de\/datenschutzrichtlinie\/\",\"name\":\"Datenschutzrichtlinie - IDG\",\"isPartOf\":{\"@id\":\"https:\/\/services-idg.com\/de\/#website\"},\"datePublished\":\"2024-06-24T08:39:04+00:00\",\"dateModified\":\"2024-08-14T16:28:28+00:00\",\"description\":\"Hier finden Sie die rechtlichen Informationen der Website services-idg.com.\",\"breadcrumb\":{\"@id\":\"https:\/\/services-idg.com\/de\/datenschutzrichtlinie\/#breadcrumb\"},\"inLanguage\":\"de\",\"potentialAction\":[{\"@type\":\"ReadAction\",\"target\":[\"https:\/\/services-idg.com\/de\/datenschutzrichtlinie\/\"]}]},{\"@type\":\"BreadcrumbList\",\"@id\":\"https:\/\/services-idg.com\/de\/datenschutzrichtlinie\/#breadcrumb\",\"itemListElement\":[{\"@type\":\"ListItem\",\"position\":1,\"name\":\"Accueil\",\"item\":\"https:\/\/services-idg.com\/de\/startseite\/\"},{\"@type\":\"ListItem\",\"position\":2,\"name\":\"Datenschutzrichtlinie\"}]},{\"@type\":\"WebSite\",\"@id\":\"https:\/\/services-idg.com\/de\/#website\",\"url\":\"https:\/\/services-idg.com\/de\/\",\"name\":\"IDG\",\"description\":\"L&#039;entretien et la r\u00e9paration de vos grues\",\"publisher\":{\"@id\":\"https:\/\/services-idg.com\/de\/#organization\"},\"potentialAction\":[{\"@type\":\"SearchAction\",\"target\":{\"@type\":\"EntryPoint\",\"urlTemplate\":\"https:\/\/services-idg.com\/de\/?s={search_term_string}\"},\"query-input\":{\"@type\":\"PropertyValueSpecification\",\"valueRequired\":true,\"valueName\":\"search_term_string\"}}],\"inLanguage\":\"de\"},{\"@type\":\"Organization\",\"@id\":\"https:\/\/services-idg.com\/de\/#organization\",\"name\":\"IDG\",\"url\":\"https:\/\/services-idg.com\/de\/\",\"logo\":{\"@type\":\"ImageObject\",\"inLanguage\":\"de\",\"@id\":\"https:\/\/services-idg.com\/de\/#\/schema\/logo\/image\/\",\"url\":\"https:\/\/services-idg.com\/wp-content\/uploads\/2024\/05\/logo-IDG.jpg\",\"contentUrl\":\"https:\/\/services-idg.com\/wp-content\/uploads\/2024\/05\/logo-IDG.jpg\",\"width\":640,\"height\":496,\"caption\":\"IDG\"},\"image\":{\"@id\":\"https:\/\/services-idg.com\/de\/#\/schema\/logo\/image\/\"},\"sameAs\":[\"https:\/\/www.linkedin.com\/in\/jorge-martins-396500177\/\"]}]}<\/script>\n<!-- \/ Yoast SEO plugin. -->","yoast_head_json":{"title":"Datenschutzrichtlinie - IDG","description":"Hier finden Sie die rechtlichen Informationen der Website services-idg.com.","robots":{"index":"index","follow":"follow","max-snippet":"max-snippet:-1","max-image-preview":"max-image-preview:large","max-video-preview":"max-video-preview:-1"},"canonical":"https:\/\/services-idg.com\/de\/datenschutzrichtlinie\/","og_locale":"de_DE","og_type":"article","og_title":"Datenschutzrichtlinie - IDG","og_description":"Hier finden Sie die rechtlichen Informationen der Website services-idg.com.","og_url":"https:\/\/services-idg.com\/de\/datenschutzrichtlinie\/","og_site_name":"IDG","article_modified_time":"2024-08-14T16:28:28+00:00","og_image":[{"width":640,"height":496,"url":"https:\/\/services-idg.com\/wp-content\/uploads\/2024\/05\/logo-IDG.jpg","type":"image\/jpeg"}],"twitter_card":"summary_large_image","twitter_misc":{"Gesch\u00e4tzte Lesezeit":"3\u00a0Minuten"},"schema":{"@context":"https:\/\/schema.org","@graph":[{"@type":"WebPage","@id":"https:\/\/services-idg.com\/de\/datenschutzrichtlinie\/","url":"https:\/\/services-idg.com\/de\/datenschutzrichtlinie\/","name":"Datenschutzrichtlinie - IDG","isPartOf":{"@id":"https:\/\/services-idg.com\/de\/#website"},"datePublished":"2024-06-24T08:39:04+00:00","dateModified":"2024-08-14T16:28:28+00:00","description":"Hier finden Sie die rechtlichen Informationen der Website services-idg.com.","breadcrumb":{"@id":"https:\/\/services-idg.com\/de\/datenschutzrichtlinie\/#breadcrumb"},"inLanguage":"de","potentialAction":[{"@type":"ReadAction","target":["https:\/\/services-idg.com\/de\/datenschutzrichtlinie\/"]}]},{"@type":"BreadcrumbList","@id":"https:\/\/services-idg.com\/de\/datenschutzrichtlinie\/#breadcrumb","itemListElement":[{"@type":"ListItem","position":1,"name":"Accueil","item":"https:\/\/services-idg.com\/de\/startseite\/"},{"@type":"ListItem","position":2,"name":"Datenschutzrichtlinie"}]},{"@type":"WebSite","@id":"https:\/\/services-idg.com\/de\/#website","url":"https:\/\/services-idg.com\/de\/","name":"IDG","description":"L&#039;entretien et la r\u00e9paration de vos grues","publisher":{"@id":"https:\/\/services-idg.com\/de\/#organization"},"potentialAction":[{"@type":"SearchAction","target":{"@type":"EntryPoint","urlTemplate":"https:\/\/services-idg.com\/de\/?s={search_term_string}"},"query-input":{"@type":"PropertyValueSpecification","valueRequired":true,"valueName":"search_term_string"}}],"inLanguage":"de"},{"@type":"Organization","@id":"https:\/\/services-idg.com\/de\/#organization","name":"IDG","url":"https:\/\/services-idg.com\/de\/","logo":{"@type":"ImageObject","inLanguage":"de","@id":"https:\/\/services-idg.com\/de\/#\/schema\/logo\/image\/","url":"https:\/\/services-idg.com\/wp-content\/uploads\/2024\/05\/logo-IDG.jpg","contentUrl":"https:\/\/services-idg.com\/wp-content\/uploads\/2024\/05\/logo-IDG.jpg","width":640,"height":496,"caption":"IDG"},"image":{"@id":"https:\/\/services-idg.com\/de\/#\/schema\/logo\/image\/"},"sameAs":["https:\/\/www.linkedin.com\/in\/jorge-martins-396500177\/"]}]}},"_links":{"self":[{"href":"https:\/\/services-idg.com\/de\/wp-json\/wp\/v2\/pages\/3473","targetHints":{"allow":["GET"]}}],"collection":[{"href":"https:\/\/services-idg.com\/de\/wp-json\/wp\/v2\/pages"}],"about":[{"href":"https:\/\/services-idg.com\/de\/wp-json\/wp\/v2\/types\/page"}],"author":[{"embeddable":true,"href":"https:\/\/services-idg.com\/de\/wp-json\/wp\/v2\/users\/1"}],"replies":[{"embeddable":true,"href":"https:\/\/services-idg.com\/de\/wp-json\/wp\/v2\/comments?post=3473"}],"version-history":[{"count":2,"href":"https:\/\/services-idg.com\/de\/wp-json\/wp\/v2\/pages\/3473\/revisions"}],"predecessor-version":[{"id":3475,"href":"https:\/\/services-idg.com\/de\/wp-json\/wp\/v2\/pages\/3473\/revisions\/3475"}],"wp:attachment":[{"href":"https:\/\/services-idg.com\/de\/wp-json\/wp\/v2\/media?parent=3473"}],"curies":[{"name":"wp","href":"https:\/\/api.w.org\/{rel}","templated":true}]}}