{"id":3411,"date":"2024-05-20T18:04:27","date_gmt":"2024-05-20T16:04:27","guid":{"rendered":"https:\/\/services-idg.com\/dienste\/"},"modified":"2024-08-14T18:28:28","modified_gmt":"2024-08-14T16:28:28","slug":"dienste","status":"publish","type":"page","link":"https:\/\/services-idg.com\/de\/dienste\/","title":{"rendered":"Dienste"},"content":{"rendered":"\t\t<div data-elementor-type=\"wp-page\" data-elementor-id=\"3411\" class=\"elementor elementor-3411 elementor-15\" data-elementor-post-type=\"page\">\n\t\t\t\t<div class=\"elementor-element elementor-element-ed5342b e-flex e-con-boxed e-con e-parent\" data-id=\"ed5342b\" data-element_type=\"container\" data-settings=\"{&quot;background_background&quot;:&quot;classic&quot;,&quot;jet_parallax_layout_list&quot;:[]}\">\n\t\t\t\t\t<div class=\"e-con-inner\">\n\t\t<div class=\"elementor-element elementor-element-0c73a23 e-con-full e-flex e-con e-child\" data-id=\"0c73a23\" data-element_type=\"container\" data-settings=\"{&quot;jet_parallax_layout_list&quot;:[]}\">\n\t\t\t\t<div class=\"elementor-element elementor-element-e3ee3a0 elementor-widget elementor-widget-heading\" data-id=\"e3ee3a0\" data-element_type=\"widget\" data-widget_type=\"heading.default\">\n\t\t\t\t<div class=\"elementor-widget-container\">\n\t\t\t\t\t<h1 class=\"elementor-heading-title elementor-size-default\">Dienste<\/h1>\t\t\t\t<\/div>\n\t\t\t\t<\/div>\n\t\t\t\t<\/div>\n\t\t\t\t\t<\/div>\n\t\t\t\t<\/div>\n\t\t<div class=\"elementor-element elementor-element-b069d22 e-flex e-con-boxed e-con e-parent\" data-id=\"b069d22\" data-element_type=\"container\" data-settings=\"{&quot;jet_parallax_layout_list&quot;:[]}\">\n\t\t\t\t\t<div class=\"e-con-inner\">\n\t\t<div class=\"elementor-element elementor-element-56a4564 e-con-full e-flex e-con e-child\" data-id=\"56a4564\" data-element_type=\"container\" data-settings=\"{&quot;jet_parallax_layout_list&quot;:[]}\">\n\t\t\t\t<div class=\"elementor-element elementor-element-50d6336 elementor-widget elementor-widget-heading\" data-id=\"50d6336\" data-element_type=\"widget\" data-widget_type=\"heading.default\">\n\t\t\t\t<div class=\"elementor-widget-container\">\n\t\t\t\t\t<h3 class=\"elementor-heading-title elementor-size-default\">Web Design<\/h3>\t\t\t\t<\/div>\n\t\t\t\t<\/div>\n\t\t\t\t<div class=\"elementor-element elementor-element-9308ff2 elementor-widget elementor-widget-text-editor\" data-id=\"9308ff2\" data-element_type=\"widget\" data-widget_type=\"text-editor.default\">\n\t\t\t\t<div class=\"elementor-widget-container\">\n\t\t\t\t\t\t\t\t\t<p>Wir erstellen ein ma\u00dfgeschneidertes Webdesign f\u00fcr kleine Unternehmen, das Ihnen hilft, neue Zielgruppen zu erreichen und Ihren Umsatz zu steigern. Kontaktieren Sie uns per Telefon, E-Mail oder f\u00fcllen Sie unser Formular aus. Sie erhalten innerhalb von 24 Stunden einen kostenlosen Kostenvoranschlag per E-Mail.<\/p>\n\t\t\t\t\t\t\t\t<\/div>\n\t\t\t\t<\/div>\n\t\t\t\t<div class=\"elementor-element elementor-element-f38dcc6 elementor-widget elementor-widget-button\" data-id=\"f38dcc6\" data-element_type=\"widget\" data-widget_type=\"button.default\">\n\t\t\t\t<div class=\"elementor-widget-container\">\n\t\t\t\t\t\t\t\t\t<div class=\"elementor-button-wrapper\">\n\t\t\t\t\t<a class=\"elementor-button elementor-button-link elementor-size-sm\" href=\"#\">\n\t\t\t\t\t\t<span class=\"elementor-button-content-wrapper\">\n\t\t\t\t\t\t\t\t\t<span class=\"elementor-button-text\">Erkunden Sie<\/span>\n\t\t\t\t\t<\/span>\n\t\t\t\t\t<\/a>\n\t\t\t\t<\/div>\n\t\t\t\t\t\t\t\t<\/div>\n\t\t\t\t<\/div>\n\t\t\t\t<\/div>\n\t\t<div class=\"elementor-element elementor-element-dffccf7 e-con-full e-flex e-con e-child\" data-id=\"dffccf7\" data-element_type=\"container\" data-settings=\"{&quot;jet_parallax_layout_list&quot;:[]}\">\n\t\t\t\t<div class=\"elementor-element elementor-element-a48b651 elementor-widget elementor-widget-image\" data-id=\"a48b651\" data-element_type=\"widget\" data-widget_type=\"image.default\">\n\t\t\t\t<div class=\"elementor-widget-container\">\n\t\t\t\t\t\t\t\t\t\t\t\t\t\t\t<img fetchpriority=\"high\" decoding=\"async\" width=\"1024\" height=\"811\" src=\"https:\/\/services-idg.com\/wp-content\/uploads\/2022\/10\/Web-Design-1024x811.jpg\" class=\"attachment-large size-large wp-image-1696\" alt=\"\" srcset=\"https:\/\/services-idg.com\/wp-content\/uploads\/2022\/10\/Web-Design-1024x811.jpg 1024w, https:\/\/services-idg.com\/wp-content\/uploads\/2022\/10\/Web-Design-300x238.jpg 300w, https:\/\/services-idg.com\/wp-content\/uploads\/2022\/10\/Web-Design-768x608.jpg 768w, https:\/\/services-idg.com\/wp-content\/uploads\/2022\/10\/Web-Design.jpg 1134w\" sizes=\"(max-width: 1024px) 100vw, 1024px\" \/>\t\t\t\t\t\t\t\t\t\t\t\t\t\t\t<\/div>\n\t\t\t\t<\/div>\n\t\t\t\t<\/div>\n\t\t\t\t\t<\/div>\n\t\t\t\t<\/div>\n\t\t<div class=\"elementor-element elementor-element-4ea6c66 e-flex e-con-boxed e-con e-parent\" data-id=\"4ea6c66\" data-element_type=\"container\" data-settings=\"{&quot;jet_parallax_layout_list&quot;:[]}\">\n\t\t\t\t\t<div class=\"e-con-inner\">\n\t\t<div class=\"elementor-element elementor-element-6880e43 e-con-full e-flex e-con e-child\" data-id=\"6880e43\" data-element_type=\"container\" data-settings=\"{&quot;jet_parallax_layout_list&quot;:[]}\">\n\t\t\t\t<div class=\"elementor-element elementor-element-f51149a elementor-widget elementor-widget-image\" data-id=\"f51149a\" data-element_type=\"widget\" data-widget_type=\"image.default\">\n\t\t\t\t<div class=\"elementor-widget-container\">\n\t\t\t\t\t\t\t\t\t\t\t\t\t\t\t<img decoding=\"async\" width=\"1024\" height=\"806\" src=\"https:\/\/services-idg.com\/wp-content\/uploads\/2022\/10\/Graphic-Design-1024x806.jpg\" class=\"attachment-large size-large wp-image-1697\" alt=\"\" srcset=\"https:\/\/services-idg.com\/wp-content\/uploads\/2022\/10\/Graphic-Design-1024x806.jpg 1024w, https:\/\/services-idg.com\/wp-content\/uploads\/2022\/10\/Graphic-Design-300x236.jpg 300w, https:\/\/services-idg.com\/wp-content\/uploads\/2022\/10\/Graphic-Design-768x604.jpg 768w, https:\/\/services-idg.com\/wp-content\/uploads\/2022\/10\/Graphic-Design.jpg 1141w\" sizes=\"(max-width: 1024px) 100vw, 1024px\" \/>\t\t\t\t\t\t\t\t\t\t\t\t\t\t\t<\/div>\n\t\t\t\t<\/div>\n\t\t\t\t<\/div>\n\t\t<div class=\"elementor-element elementor-element-1d599f0 e-con-full e-flex e-con e-child\" data-id=\"1d599f0\" data-element_type=\"container\" data-settings=\"{&quot;jet_parallax_layout_list&quot;:[]}\">\n\t\t\t\t<div class=\"elementor-element elementor-element-8f2af4c elementor-widget elementor-widget-heading\" data-id=\"8f2af4c\" data-element_type=\"widget\" data-widget_type=\"heading.default\">\n\t\t\t\t<div class=\"elementor-widget-container\">\n\t\t\t\t\t<h3 class=\"elementor-heading-title elementor-size-default\">Graphisches Design<\/h3>\t\t\t\t<\/div>\n\t\t\t\t<\/div>\n\t\t\t\t<div class=\"elementor-element elementor-element-0701632 elementor-widget elementor-widget-text-editor\" data-id=\"0701632\" data-element_type=\"widget\" data-widget_type=\"text-editor.default\">\n\t\t\t\t<div class=\"elementor-widget-container\">\n\t\t\t\t\t\t\t\t\t<p>Wir spezialisieren uns auf Logos, Merchandise und mehr. Jeder kann sch\u00f6ne Grafiken erstellen, aber es ist viel besser, unvergessliche Grafiken zu erstellen. Kontaktieren Sie uns per Telefon, E-Mail oder f\u00fcllen Sie unser Formular aus. Sie erhalten innerhalb von 24 Stunden einen kostenlosen Kostenvoranschlag per E-Mail.<\/p>\n\t\t\t\t\t\t\t\t<\/div>\n\t\t\t\t<\/div>\n\t\t\t\t<div class=\"elementor-element elementor-element-995bd42 elementor-widget elementor-widget-button\" data-id=\"995bd42\" data-element_type=\"widget\" data-widget_type=\"button.default\">\n\t\t\t\t<div class=\"elementor-widget-container\">\n\t\t\t\t\t\t\t\t\t<div class=\"elementor-button-wrapper\">\n\t\t\t\t\t<a class=\"elementor-button elementor-button-link elementor-size-sm\" href=\"#\">\n\t\t\t\t\t\t<span class=\"elementor-button-content-wrapper\">\n\t\t\t\t\t\t\t\t\t<span class=\"elementor-button-text\">Erkunden Sie<\/span>\n\t\t\t\t\t<\/span>\n\t\t\t\t\t<\/a>\n\t\t\t\t<\/div>\n\t\t\t\t\t\t\t\t<\/div>\n\t\t\t\t<\/div>\n\t\t\t\t<\/div>\n\t\t\t\t\t<\/div>\n\t\t\t\t<\/div>\n\t\t<div class=\"elementor-element elementor-element-6d214f7 e-flex e-con-boxed e-con e-parent\" data-id=\"6d214f7\" data-element_type=\"container\" data-settings=\"{&quot;jet_parallax_layout_list&quot;:[]}\">\n\t\t\t\t\t<div class=\"e-con-inner\">\n\t\t<div class=\"elementor-element elementor-element-47189ec e-con-full e-flex e-con e-child\" data-id=\"47189ec\" data-element_type=\"container\" data-settings=\"{&quot;jet_parallax_layout_list&quot;:[]}\">\n\t\t\t\t<div class=\"elementor-element elementor-element-638dd26 elementor-widget elementor-widget-heading\" data-id=\"638dd26\" data-element_type=\"widget\" data-widget_type=\"heading.default\">\n\t\t\t\t<div class=\"elementor-widget-container\">\n\t\t\t\t\t<h3 class=\"elementor-heading-title elementor-size-default\">Content Writing<\/h3>\t\t\t\t<\/div>\n\t\t\t\t<\/div>\n\t\t\t\t<div class=\"elementor-element elementor-element-d1d1e1e elementor-widget elementor-widget-text-editor\" data-id=\"d1d1e1e\" data-element_type=\"widget\" data-widget_type=\"text-editor.default\">\n\t\t\t\t<div class=\"elementor-widget-container\">\n\t\t\t\t\t\t\t\t\t<p>M\u00f6chten Sie Menschen auf Ihre Website locken? Sie m\u00fcssen die besten Inhalte der Welt haben. Unsere Inhaltsautoren werden preisgekr\u00f6nte Inhalte f\u00fcr Sie erstellen. Kontaktieren Sie uns per Telefon, E-Mail oder f\u00fcllen Sie unser Formular aus. Sie erhalten innerhalb von 24 Stunden einen kostenlosen Kostenvoranschlag per E-Mail.<\/p>\n\t\t\t\t\t\t\t\t<\/div>\n\t\t\t\t<\/div>\n\t\t\t\t<div class=\"elementor-element elementor-element-30eebf0 elementor-widget elementor-widget-button\" data-id=\"30eebf0\" data-element_type=\"widget\" data-widget_type=\"button.default\">\n\t\t\t\t<div class=\"elementor-widget-container\">\n\t\t\t\t\t\t\t\t\t<div class=\"elementor-button-wrapper\">\n\t\t\t\t\t<a class=\"elementor-button elementor-button-link elementor-size-sm\" href=\"#\">\n\t\t\t\t\t\t<span class=\"elementor-button-content-wrapper\">\n\t\t\t\t\t\t\t\t\t<span class=\"elementor-button-text\">Erkunden Sie<\/span>\n\t\t\t\t\t<\/span>\n\t\t\t\t\t<\/a>\n\t\t\t\t<\/div>\n\t\t\t\t\t\t\t\t<\/div>\n\t\t\t\t<\/div>\n\t\t\t\t<\/div>\n\t\t<div class=\"elementor-element elementor-element-e0dacc0 e-con-full e-flex e-con e-child\" data-id=\"e0dacc0\" data-element_type=\"container\" data-settings=\"{&quot;jet_parallax_layout_list&quot;:[]}\">\n\t\t\t\t<div class=\"elementor-element elementor-element-e56c3c6 elementor-widget elementor-widget-image\" data-id=\"e56c3c6\" data-element_type=\"widget\" data-widget_type=\"image.default\">\n\t\t\t\t<div class=\"elementor-widget-container\">\n\t\t\t\t\t\t\t\t\t\t\t\t\t\t\t<img decoding=\"async\" width=\"1024\" height=\"811\" src=\"https:\/\/services-idg.com\/wp-content\/uploads\/2022\/10\/Content-Writing-1024x811.jpg\" class=\"attachment-large size-large wp-image-1698\" alt=\"\" srcset=\"https:\/\/services-idg.com\/wp-content\/uploads\/2022\/10\/Content-Writing-1024x811.jpg 1024w, https:\/\/services-idg.com\/wp-content\/uploads\/2022\/10\/Content-Writing-300x238.jpg 300w, https:\/\/services-idg.com\/wp-content\/uploads\/2022\/10\/Content-Writing-768x608.jpg 768w, https:\/\/services-idg.com\/wp-content\/uploads\/2022\/10\/Content-Writing.jpg 1134w\" sizes=\"(max-width: 1024px) 100vw, 1024px\" \/>\t\t\t\t\t\t\t\t\t\t\t\t\t\t\t<\/div>\n\t\t\t\t<\/div>\n\t\t\t\t<\/div>\n\t\t\t\t\t<\/div>\n\t\t\t\t<\/div>\n\t\t<div class=\"elementor-element elementor-element-a07a2b9 e-flex e-con-boxed e-con e-parent\" data-id=\"a07a2b9\" data-element_type=\"container\" data-settings=\"{&quot;background_background&quot;:&quot;classic&quot;,&quot;jet_parallax_layout_list&quot;:[]}\">\n\t\t\t\t\t<div class=\"e-con-inner\">\n\t\t<div class=\"elementor-element elementor-element-db992c8 e-con-full e-flex e-con e-child\" data-id=\"db992c8\" data-element_type=\"container\" data-settings=\"{&quot;jet_parallax_layout_list&quot;:[]}\">\n\t\t\t\t<div class=\"elementor-element elementor-element-08e276e elementor-widget elementor-widget-heading\" data-id=\"08e276e\" data-element_type=\"widget\" data-widget_type=\"heading.default\">\n\t\t\t\t<div class=\"elementor-widget-container\">\n\t\t\t\t\t<h2 class=\"elementor-heading-title elementor-size-default\">Sprechen Sie mit uns<\/h2>\t\t\t\t<\/div>\n\t\t\t\t<\/div>\n\t\t\t\t<div class=\"elementor-element elementor-element-291d47f elementor-widget elementor-widget-text-editor\" data-id=\"291d47f\" data-element_type=\"widget\" data-widget_type=\"text-editor.default\">\n\t\t\t\t<div class=\"elementor-widget-container\">\n\t\t\t\t\t\t\t\t\t<p>Haben Sie Fragen? Wir sind immer offen f\u00fcr Gespr\u00e4che \u00fcber Ihr Gesch\u00e4ft, neue Projekte, kreative M\u00f6glichkeiten und wie wir Ihnen helfen k\u00f6nnen.<\/p>\n\t\t\t\t\t\t\t\t<\/div>\n\t\t\t\t<\/div>\n\t\t\t\t<div class=\"elementor-element elementor-element-466fc8c elementor-align-center elementor-widget elementor-widget-button\" data-id=\"466fc8c\" data-element_type=\"widget\" data-widget_type=\"button.default\">\n\t\t\t\t<div class=\"elementor-widget-container\">\n\t\t\t\t\t\t\t\t\t<div class=\"elementor-button-wrapper\">\n\t\t\t\t\t<a class=\"elementor-button elementor-button-link elementor-size-sm\" href=\"#\">\n\t\t\t\t\t\t<span class=\"elementor-button-content-wrapper\">\n\t\t\t\t\t\t\t\t\t<span class=\"elementor-button-text\">Get In Touch<\/span>\n\t\t\t\t\t<\/span>\n\t\t\t\t\t<\/a>\n\t\t\t\t<\/div>\n\t\t\t\t\t\t\t\t<\/div>\n\t\t\t\t<\/div>\n\t\t\t\t<\/div>\n\t\t\t\t\t<\/div>\n\t\t\t\t<\/div>\n\t\t\t\t<\/div>\n\t\t","protected":false},"excerpt":{"rendered":"<p>Dienste Web Design Wir erstellen ein ma\u00dfgeschneidertes Webdesign f\u00fcr kleine Unternehmen, das Ihnen hilft, neue Zielgruppen zu erreichen und Ihren Umsatz zu steigern. Kontaktieren Sie uns per Telefon, E-Mail oder f\u00fcllen Sie unser Formular aus. Sie erhalten innerhalb von 24 Stunden einen kostenlosen Kostenvoranschlag per E-Mail. Erkunden Sie Graphisches Design Wir spezialisieren uns auf Logos, [&hellip;]<\/p>\n","protected":false},"author":1,"featured_media":0,"parent":0,"menu_order":0,"comment_status":"closed","ping_status":"closed","template":"","meta":{"site-sidebar-layout":"no-sidebar","site-content-layout":"page-builder","ast-site-content-layout":"","site-content-style":"default","site-sidebar-style":"default","ast-global-header-display":"","ast-banner-title-visibility":"","ast-main-header-display":"","ast-hfb-above-header-display":"","ast-hfb-below-header-display":"","ast-hfb-mobile-header-display":"","site-post-title":"disabled","ast-breadcrumbs-content":"","ast-featured-img":"disabled","footer-sml-layout":"","theme-transparent-header-meta":"enabled","adv-header-id-meta":"","stick-header-meta":"","header-above-stick-meta":"","header-main-stick-meta":"","header-below-stick-meta":"","astra-migrate-meta-layouts":"default","ast-page-background-enabled":"default","ast-page-background-meta":{"desktop":{"background-color":"var(--ast-global-color-4)","background-image":"","background-repeat":"repeat","background-position":"center center","background-size":"auto","background-attachment":"scroll","background-type":"","background-media":"","overlay-type":"","overlay-color":"","overlay-opacity":"","overlay-gradient":""},"tablet":{"background-color":"","background-image":"","background-repeat":"repeat","background-position":"center center","background-size":"auto","background-attachment":"scroll","background-type":"","background-media":"","overlay-type":"","overlay-color":"","overlay-opacity":"","overlay-gradient":""},"mobile":{"background-color":"","background-image":"","background-repeat":"repeat","background-position":"center center","background-size":"auto","background-attachment":"scroll","background-type":"","background-media":"","overlay-type":"","overlay-color":"","overlay-opacity":"","overlay-gradient":""}},"ast-content-background-meta":{"desktop":{"background-color":"var(--ast-global-color-5)","background-image":"","background-repeat":"repeat","background-position":"center center","background-size":"auto","background-attachment":"scroll","background-type":"","background-media":"","overlay-type":"","overlay-color":"","overlay-opacity":"","overlay-gradient":""},"tablet":{"background-color":"var(--ast-global-color-5)","background-image":"","background-repeat":"repeat","background-position":"center center","background-size":"auto","background-attachment":"scroll","background-type":"","background-media":"","overlay-type":"","overlay-color":"","overlay-opacity":"","overlay-gradient":""},"mobile":{"background-color":"var(--ast-global-color-5)","background-image":"","background-repeat":"repeat","background-position":"center center","background-size":"auto","background-attachment":"scroll","background-type":"","background-media":"","overlay-type":"","overlay-color":"","overlay-opacity":"","overlay-gradient":""}},"footnotes":""},"class_list":["post-3411","page","type-page","status-publish","hentry"],"yoast_head":"<!-- This site is optimized with the Yoast SEO plugin v25.8 - https:\/\/yoast.com\/wordpress\/plugins\/seo\/ -->\n<title>Dienste - IDG<\/title>\n<meta name=\"robots\" content=\"index, follow, max-snippet:-1, max-image-preview:large, max-video-preview:-1\" \/>\n<link rel=\"canonical\" href=\"https:\/\/services-idg.com\/de\/dienste\/\" \/>\n<meta property=\"og:locale\" content=\"de_DE\" \/>\n<meta property=\"og:type\" content=\"article\" \/>\n<meta property=\"og:title\" content=\"Dienste - IDG\" \/>\n<meta property=\"og:description\" content=\"Dienste Web Design Wir erstellen ein ma\u00dfgeschneidertes Webdesign f\u00fcr kleine Unternehmen, das Ihnen hilft, neue Zielgruppen zu erreichen und Ihren Umsatz zu steigern. Kontaktieren Sie uns per Telefon, E-Mail oder f\u00fcllen Sie unser Formular aus. Sie erhalten innerhalb von 24 Stunden einen kostenlosen Kostenvoranschlag per E-Mail. Erkunden Sie Graphisches Design Wir spezialisieren uns auf Logos, [&hellip;]\" \/>\n<meta property=\"og:url\" content=\"https:\/\/services-idg.com\/de\/dienste\/\" \/>\n<meta property=\"og:site_name\" content=\"IDG\" \/>\n<meta property=\"article:modified_time\" content=\"2024-08-14T16:28:28+00:00\" \/>\n<meta property=\"og:image\" content=\"https:\/\/services-idg.com\/wp-content\/uploads\/2022\/10\/Web-Design-1024x811.jpg\" \/>\n<meta name=\"twitter:card\" content=\"summary_large_image\" \/>\n<meta name=\"twitter:label1\" content=\"Gesch\u00e4tzte Lesezeit\" \/>\n\t<meta name=\"twitter:data1\" content=\"1\u00a0Minute\" \/>\n<script type=\"application\/ld+json\" class=\"yoast-schema-graph\">{\"@context\":\"https:\/\/schema.org\",\"@graph\":[{\"@type\":\"WebPage\",\"@id\":\"https:\/\/services-idg.com\/de\/dienste\/\",\"url\":\"https:\/\/services-idg.com\/de\/dienste\/\",\"name\":\"Dienste - IDG\",\"isPartOf\":{\"@id\":\"https:\/\/services-idg.com\/de\/#website\"},\"primaryImageOfPage\":{\"@id\":\"https:\/\/services-idg.com\/de\/dienste\/#primaryimage\"},\"image\":{\"@id\":\"https:\/\/services-idg.com\/de\/dienste\/#primaryimage\"},\"thumbnailUrl\":\"https:\/\/services-idg.com\/wp-content\/uploads\/2022\/10\/Web-Design-1024x811.jpg\",\"datePublished\":\"2024-05-20T16:04:27+00:00\",\"dateModified\":\"2024-08-14T16:28:28+00:00\",\"breadcrumb\":{\"@id\":\"https:\/\/services-idg.com\/de\/dienste\/#breadcrumb\"},\"inLanguage\":\"de\",\"potentialAction\":[{\"@type\":\"ReadAction\",\"target\":[\"https:\/\/services-idg.com\/de\/dienste\/\"]}]},{\"@type\":\"ImageObject\",\"inLanguage\":\"de\",\"@id\":\"https:\/\/services-idg.com\/de\/dienste\/#primaryimage\",\"url\":\"https:\/\/services-idg.com\/wp-content\/uploads\/2022\/10\/Web-Design-1024x811.jpg\",\"contentUrl\":\"https:\/\/services-idg.com\/wp-content\/uploads\/2022\/10\/Web-Design-1024x811.jpg\"},{\"@type\":\"BreadcrumbList\",\"@id\":\"https:\/\/services-idg.com\/de\/dienste\/#breadcrumb\",\"itemListElement\":[{\"@type\":\"ListItem\",\"position\":1,\"name\":\"Accueil\",\"item\":\"https:\/\/services-idg.com\/de\/startseite\/\"},{\"@type\":\"ListItem\",\"position\":2,\"name\":\"Dienste\"}]},{\"@type\":\"WebSite\",\"@id\":\"https:\/\/services-idg.com\/de\/#website\",\"url\":\"https:\/\/services-idg.com\/de\/\",\"name\":\"IDG\",\"description\":\"L&#039;entretien et la r\u00e9paration de vos grues\",\"publisher\":{\"@id\":\"https:\/\/services-idg.com\/de\/#organization\"},\"potentialAction\":[{\"@type\":\"SearchAction\",\"target\":{\"@type\":\"EntryPoint\",\"urlTemplate\":\"https:\/\/services-idg.com\/de\/?s={search_term_string}\"},\"query-input\":{\"@type\":\"PropertyValueSpecification\",\"valueRequired\":true,\"valueName\":\"search_term_string\"}}],\"inLanguage\":\"de\"},{\"@type\":\"Organization\",\"@id\":\"https:\/\/services-idg.com\/de\/#organization\",\"name\":\"IDG\",\"url\":\"https:\/\/services-idg.com\/de\/\",\"logo\":{\"@type\":\"ImageObject\",\"inLanguage\":\"de\",\"@id\":\"https:\/\/services-idg.com\/de\/#\/schema\/logo\/image\/\",\"url\":\"https:\/\/services-idg.com\/wp-content\/uploads\/2024\/05\/logo-IDG.jpg\",\"contentUrl\":\"https:\/\/services-idg.com\/wp-content\/uploads\/2024\/05\/logo-IDG.jpg\",\"width\":640,\"height\":496,\"caption\":\"IDG\"},\"image\":{\"@id\":\"https:\/\/services-idg.com\/de\/#\/schema\/logo\/image\/\"},\"sameAs\":[\"https:\/\/www.linkedin.com\/in\/jorge-martins-396500177\/\"]}]}<\/script>\n<!-- \/ Yoast SEO plugin. -->","yoast_head_json":{"title":"Dienste - IDG","robots":{"index":"index","follow":"follow","max-snippet":"max-snippet:-1","max-image-preview":"max-image-preview:large","max-video-preview":"max-video-preview:-1"},"canonical":"https:\/\/services-idg.com\/de\/dienste\/","og_locale":"de_DE","og_type":"article","og_title":"Dienste - IDG","og_description":"Dienste Web Design Wir erstellen ein ma\u00dfgeschneidertes Webdesign f\u00fcr kleine Unternehmen, das Ihnen hilft, neue Zielgruppen zu erreichen und Ihren Umsatz zu steigern. Kontaktieren Sie uns per Telefon, E-Mail oder f\u00fcllen Sie unser Formular aus. Sie erhalten innerhalb von 24 Stunden einen kostenlosen Kostenvoranschlag per E-Mail. Erkunden Sie Graphisches Design Wir spezialisieren uns auf Logos, [&hellip;]","og_url":"https:\/\/services-idg.com\/de\/dienste\/","og_site_name":"IDG","article_modified_time":"2024-08-14T16:28:28+00:00","og_image":[{"url":"https:\/\/services-idg.com\/wp-content\/uploads\/2022\/10\/Web-Design-1024x811.jpg","type":"","width":"","height":""}],"twitter_card":"summary_large_image","twitter_misc":{"Gesch\u00e4tzte Lesezeit":"1\u00a0Minute"},"schema":{"@context":"https:\/\/schema.org","@graph":[{"@type":"WebPage","@id":"https:\/\/services-idg.com\/de\/dienste\/","url":"https:\/\/services-idg.com\/de\/dienste\/","name":"Dienste - IDG","isPartOf":{"@id":"https:\/\/services-idg.com\/de\/#website"},"primaryImageOfPage":{"@id":"https:\/\/services-idg.com\/de\/dienste\/#primaryimage"},"image":{"@id":"https:\/\/services-idg.com\/de\/dienste\/#primaryimage"},"thumbnailUrl":"https:\/\/services-idg.com\/wp-content\/uploads\/2022\/10\/Web-Design-1024x811.jpg","datePublished":"2024-05-20T16:04:27+00:00","dateModified":"2024-08-14T16:28:28+00:00","breadcrumb":{"@id":"https:\/\/services-idg.com\/de\/dienste\/#breadcrumb"},"inLanguage":"de","potentialAction":[{"@type":"ReadAction","target":["https:\/\/services-idg.com\/de\/dienste\/"]}]},{"@type":"ImageObject","inLanguage":"de","@id":"https:\/\/services-idg.com\/de\/dienste\/#primaryimage","url":"https:\/\/services-idg.com\/wp-content\/uploads\/2022\/10\/Web-Design-1024x811.jpg","contentUrl":"https:\/\/services-idg.com\/wp-content\/uploads\/2022\/10\/Web-Design-1024x811.jpg"},{"@type":"BreadcrumbList","@id":"https:\/\/services-idg.com\/de\/dienste\/#breadcrumb","itemListElement":[{"@type":"ListItem","position":1,"name":"Accueil","item":"https:\/\/services-idg.com\/de\/startseite\/"},{"@type":"ListItem","position":2,"name":"Dienste"}]},{"@type":"WebSite","@id":"https:\/\/services-idg.com\/de\/#website","url":"https:\/\/services-idg.com\/de\/","name":"IDG","description":"L&#039;entretien et la r\u00e9paration de vos grues","publisher":{"@id":"https:\/\/services-idg.com\/de\/#organization"},"potentialAction":[{"@type":"SearchAction","target":{"@type":"EntryPoint","urlTemplate":"https:\/\/services-idg.com\/de\/?s={search_term_string}"},"query-input":{"@type":"PropertyValueSpecification","valueRequired":true,"valueName":"search_term_string"}}],"inLanguage":"de"},{"@type":"Organization","@id":"https:\/\/services-idg.com\/de\/#organization","name":"IDG","url":"https:\/\/services-idg.com\/de\/","logo":{"@type":"ImageObject","inLanguage":"de","@id":"https:\/\/services-idg.com\/de\/#\/schema\/logo\/image\/","url":"https:\/\/services-idg.com\/wp-content\/uploads\/2024\/05\/logo-IDG.jpg","contentUrl":"https:\/\/services-idg.com\/wp-content\/uploads\/2024\/05\/logo-IDG.jpg","width":640,"height":496,"caption":"IDG"},"image":{"@id":"https:\/\/services-idg.com\/de\/#\/schema\/logo\/image\/"},"sameAs":["https:\/\/www.linkedin.com\/in\/jorge-martins-396500177\/"]}]}},"_links":{"self":[{"href":"https:\/\/services-idg.com\/de\/wp-json\/wp\/v2\/pages\/3411","targetHints":{"allow":["GET"]}}],"collection":[{"href":"https:\/\/services-idg.com\/de\/wp-json\/wp\/v2\/pages"}],"about":[{"href":"https:\/\/services-idg.com\/de\/wp-json\/wp\/v2\/types\/page"}],"author":[{"embeddable":true,"href":"https:\/\/services-idg.com\/de\/wp-json\/wp\/v2\/users\/1"}],"replies":[{"embeddable":true,"href":"https:\/\/services-idg.com\/de\/wp-json\/wp\/v2\/comments?post=3411"}],"version-history":[{"count":2,"href":"https:\/\/services-idg.com\/de\/wp-json\/wp\/v2\/pages\/3411\/revisions"}],"predecessor-version":[{"id":3413,"href":"https:\/\/services-idg.com\/de\/wp-json\/wp\/v2\/pages\/3411\/revisions\/3413"}],"wp:attachment":[{"href":"https:\/\/services-idg.com\/de\/wp-json\/wp\/v2\/media?parent=3411"}],"curies":[{"name":"wp","href":"https:\/\/api.w.org\/{rel}","templated":true}]}}